{"id":575408,"date":"2026-03-14T23:33:38","date_gmt":"2026-03-14T23:33:38","guid":{"rendered":"https:\/\/primefloridaland.com\/product\/lot-444-on-wayne-rd-rotonda-west-fl-2\/"},"modified":"2026-03-14T23:33:38","modified_gmt":"2026-03-14T23:33:38","slug":"lot-444-on-wayne-rd-rotonda-west-fl-2","status":"publish","type":"product","link":"https:\/\/primefloridaland.com\/es\/product\/lot-444-on-wayne-rd-rotonda-west-fl-2\/","title":{"rendered":"Lot 444 on Wayne Rd. Rotonda West FL."},"content":{"rendered":"","protected":false},"excerpt":{"rendered":"","protected":false},"featured_media":575406,"template":"","meta":{"_acf_changed":false},"product_brand":[],"product_cat":[171],"product_tag":[],"class_list":{"0":"post-575408","1":"product","2":"type-product","3":"status-publish","4":"has-post-thumbnail","6":"product_cat-land-with-financing","8":"first","9":"instock","10":"featured","11":"downloadable","12":"virtual","13":"sold-individually","14":"purchasable","15":"product-type-simple","16":"cpw-product"},"acf":{"is_item_sold":["Yes"],"sub_title":"A 1\/2 milla del oc\u00e9ano Precio de promoci\u00f3n 29.900 $ Agua, alcantarillado y electricidad","vimeo_video_id":"1126026675","size":"60X125 en pies  ","description":"<div class=\"property-description\" style=\"font-family: Arial, Helvetica, sans-serif; line-height: 1.65; color: #0f172a;\">\n<div style=\"max-width: 960px; margin: 0 auto; background: #ffffff; border: 1px solid #e5e7eb; border-radius: 20px; overflow: hidden; box-shadow: 0 18px 45px rgba(15,23,42,.08);\">\n\n<!-- HERO -->\n<div style=\"padding: 34px 28px; background: linear-gradient(135deg, #f0fdfa 0%, #ecfeff 45%, #eff6ff 100%); border-bottom: 1px solid #dbeafe;\">\n<div style=\"display: inline-block; background: #0f766e; color: #ffffff; font-size: 12px; font-weight: bold; letter-spacing: .08em; text-transform: uppercase; padding: 8px 12px; border-radius: 999px; margin-bottom: 14px;\">Rotonda West Homesite<\/div>\n<p style=\"margin: 0; font-size: 17px; color: #334155; max-width: 780px;\">Terreno residencial de primera calidad en la costa oeste de Florida, en un barrio de alto valor con\n<strong>Agua, alcantarillado y electricidad disponibles<\/strong>, situado<strong>en<\/strong>\n<strong>a unos 800 metros del Golfo<\/strong> y rodeado de\n<strong> casas de m\u00e1s de<\/strong> 400<strong>.000<\/strong>$.<\/p>\n\n<\/div>\n<!-- QUICK FACTS -->\n<div style=\"padding: 26px 28px 8px;\">\n<div style=\"display: grid; grid-template-columns: repeat(auto-fit,minmax(210px,1fr)); gap: 14px; margin-bottom: 10px;\">\n<div style=\"background: #f8fafc; border: 1px solid #e2e8f0; border-radius: 16px; padding: 16px;\">\n<div style=\"font-size: 12px; font-weight: bold; letter-spacing: .08em; text-transform: uppercase; color: #64748b; margin-bottom: 6px;\">Precio<\/div>\n<div style=\"font-size: 28px; font-weight: 800; color: #0f172a;\">$29,900<\/div>\n<div style=\"font-size: 14px; color: #475569;\">S\u00f3lo en efectivo<\/div>\n<\/div>\n<div style=\"background: #f8fafc; border: 1px solid #e2e8f0; border-radius: 16px; padding: 16px;\">\n<div style=\"font-size: 12px; font-weight: bold; letter-spacing: .08em; text-transform: uppercase; color: #64748b; margin-bottom: 6px;\">Tama\u00f1o del lote<\/div>\n<div style=\"font-size: 28px; font-weight: 800; color: #0f172a;\">60 \u00d7 125 pies<\/div>\n<div style=\"font-size: 14px; color: #475569;\">Vivienda residencial<\/div>\n<\/div>\n<div style=\"background: #f8fafc; border: 1px solid #e2e8f0; border-radius: 16px; padding: 16px;\">\n<div style=\"font-size: 12px; font-weight: bold; letter-spacing: .08em; text-transform: uppercase; color: #64748b; margin-bottom: 6px;\">Cerca del Golfo<\/div>\n<div style=\"font-size: 28px; font-weight: 800; color: #0f172a;\">\u2248 1\/2 milla<\/div>\n<div style=\"font-size: 14px; color: #475569;\">Excelente ubicaci\u00f3n costera<\/div>\n<\/div>\n<div style=\"background: #f8fafc; border: 1px solid #e2e8f0; border-radius: 16px; padding: 16px;\">\n<div style=\"font-size: 12px; font-weight: bold; letter-spacing: .08em; text-transform: uppercase; color: #64748b; margin-bottom: 6px;\">Utilidades<\/div>\n<div style=\"font-size: 22px; font-weight: 800; color: #0f172a;\">Disponible<\/div>\n<div style=\"font-size: 14px; color: #475569;\">Agua - Alcantarillado - Electricidad<\/div>\n<\/div>\n<\/div>\n<\/div>\n<!-- HIGHLIGHT STRIP -->\n<div style=\"padding: 0 28px 24px;\">\n<div style=\"background: linear-gradient(90deg, #0f766e, #0891b2); color: #ffffff; border-radius: 18px; padding: 18px 20px;\">\n<div style=\"font-size: 13px; font-weight: bold; letter-spacing: .08em; text-transform: uppercase; opacity: .9; margin-bottom: 6px;\">Por qu\u00e9 a los compradores les gusta este lote<\/div>\n<div style=\"font-size: 19px; font-weight: bold; line-height: 1.45;\">Construye en un deseable barrio costero cerca de casas de alto standing, con servicios p\u00fablicos disponibles y sin prisas por construir.<\/div>\n<\/div>\n<\/div>\n<!-- TWO COLUMN SECTION -->\n<div style=\"padding: 0 28px 8px; display: grid; grid-template-columns: repeat(auto-fit,minmax(280px,1fr)); gap: 22px;\">\n\n<!-- LEFT -->\n<div style=\"background: #ffffff; border: 1px solid #e5e7eb; border-radius: 18px; padding: 22px;\">\n<h3 style=\"margin: 0 0 14px; font-size: 22px; color: #0f172a;\">Caracter\u00edsticas principales<\/h3>\n<ul style=\"padding-left: 18px; margin: 0; color: #334155;\">\n \t<li style=\"margin-bottom: 10px;\"><strong>Ubicaci\u00f3n privilegiada en Rotonda West<\/strong>, en la costa del Golfo de Florida.<\/li>\n \t<li style=\"margin-bottom: 10px;\"><strong>Rodeado de casas de m\u00e1s de 400.000 $<\/strong>, lo que aumenta el atractivo del barrio.<\/li>\n \t<li style=\"margin-bottom: 10px;\"><strong>A unos 3 km de tiendas, restaurantes y servicios<\/strong> para la comodidad diaria.<\/li>\n \t<li style=\"margin-bottom: 10px;\"><strong>Cerca de las aguas y playas del Golfo<\/strong>, en uno de los n\u00facleos residenciales m\u00e1s atractivos de la zona.<\/li>\n \t<li><strong>No hay plazo de construcci\u00f3n<\/strong>, as\u00ed que puedes comprar ahora y construir despu\u00e9s.<\/li>\n<\/ul>\n<\/div>\n<!-- RIGHT -->\n<div style=\"background: #ffffff; border: 1px solid #e5e7eb; border-radius: 18px; padding: 22px;\">\n<h3 style=\"margin: 0 0 14px; font-size: 22px; color: #0f172a;\">Informaci\u00f3n importante<\/h3>\n<ul style=\"padding-left: 18px; margin: 0; color: #334155;\">\n \t<li style=\"margin-bottom: 10px;\"><strong>Condiciones de compra:<\/strong> S\u00f3lo compra en efectivo.<\/li>\n \t<li style=\"margin-bottom: 10px;\"><strong>Financiaci\u00f3n del propietario:<\/strong> No disponible en este lote.<\/li>\n \t<li style=\"margin-bottom: 10px;\"><strong>Restricciones:<\/strong> No se permiten casas m\u00f3viles ni prefabricadas.<\/li>\n \t<li style=\"margin-bottom: 10px;\"><strong>Compradores extranjeros:<\/strong> Los compradores internacionales son bienvenidos.<\/li>\n \t<li>Gastos de cierre: S\u00f3lo 495$.<\/li>\n<\/ul>\n<\/div>\n<\/div>\n<!-- WHY THIS LOT -->\n<div style=\"padding: 22px 28px 8px;\">\n<div style=\"background: #f8fafc; border: 1px solid #e2e8f0; border-radius: 18px; padding: 24px;\">\n<h3 style=\"margin: 0 0 12px; font-size: 24px; color: #0f172a;\">Por qu\u00e9 destaca este lote<\/h3>\n<p style=\"margin: 0; font-size: 16px; color: #334155;\">Oportunidades como \u00e9sta son cada vez m\u00e1s dif\u00edciles de encontrar en Rotonda West. Este terreno ofrece una buena ubicaci\u00f3n cerca del Golfo, acceso a los servicios p\u00fablicos a trav\u00e9s de\ny la flexibilidad de <strong>no tener que cumplir ning\u00fan plazo de construcci\u00f3n<\/strong>. Tanto si compras para construir, como si quieres mantenerlo en el futuro en\no asegurarte un terreno en un barrio de mayor valor, esta propiedad cumple todos los requisitos.  <\/p>\n\n<\/div>\n<\/div>\n<!-- PURCHASE STEPS -->\n<div style=\"padding: 22px 28px 10px;\">\n<h3 style=\"margin: 0 0 14px; font-size: 24px; color: #0f172a;\">C\u00f3mo comprar<\/h3>\n<div style=\"display: grid; grid-template-columns: repeat(auto-fit,minmax(220px,1fr)); gap: 14px;\">\n<div style=\"border: 1px solid #e5e7eb; border-radius: 16px; padding: 18px; background: #ffffff;\">\n<div style=\"width: 34px; height: 34px; border-radius: 999px; background: #ccfbf1; color: #115e59; font-weight: 800; display: flex; align-items: center; justify-content: center; margin-bottom: 10px;\">1<\/div>\n<div style=\"font-weight: bold; margin-bottom: 6px; color: #0f172a;\">Reserva la propiedad<\/div>\n<div style=\"font-size: 15px; color: #475569;\">Haz clic en \"Comprar\" y completa el dep\u00f3sito en efectivo para asegurar el lote.<\/div>\n<\/div>\n<div style=\"border: 1px solid #e5e7eb; border-radius: 16px; padding: 18px; background: #ffffff;\">\n<div style=\"width: 34px; height: 34px; border-radius: 999px; background: #dbeafe; color: #1d4ed8; font-weight: 800; display: flex; align-items: center; justify-content: center; margin-bottom: 10px;\">2<\/div>\n<div style=\"font-weight: bold; margin-bottom: 6px; color: #0f172a;\">Documentos de cierre preparados<\/div>\n<div style=\"font-size: 15px; color: #475569;\">Preparamos el papeleo y coordinamos el saldo restante a pagar al cierre.<\/div>\n<\/div>\n<div style=\"border: 1px solid #e5e7eb; border-radius: 16px; padding: 18px; background: #ffffff;\">\n<div style=\"width: 34px; height: 34px; border-radius: 999px; background: #ede9fe; color: #6d28d9; font-weight: 800; display: flex; align-items: center; justify-content: center; margin-bottom: 10px;\">3<\/div>\n<div style=\"font-weight: bold; margin-bottom: 6px; color: #0f172a;\">Cierre simple<\/div>\n<div style=\"font-size: 15px; color: #475569;\">Los gastos de cierre est\u00e1ndar son de s\u00f3lo <strong> 495<\/strong>$.<\/div>\n<\/div>\n<\/div>\n<\/div>\n<!-- BOTTOM CTA -->\n<div style=\"padding: 18px 28px 30px;\">\n<div style=\"background: #0f172a; color: #ffffff; border-radius: 18px; padding: 24px;\">\n<div style=\"font-size: 13px; font-weight: bold; letter-spacing: .08em; text-transform: uppercase; color: #93c5fd; margin-bottom: 8px;\">\u00bfPreparado para poseer un terreno en Rotonda West?<\/div>\n<div style=\"font-size: 24px; font-weight: 800; line-height: 1.25; margin-bottom: 8px;\">Aseg\u00farate esta casa en Florida antes de que desaparezca.<\/div>\n<div style=\"font-size: 15px; color: #cbd5e1;\">Zona de gran valor - Servicios p\u00fablicos disponibles - Cerca del Golfo - S\u00f3lo compra en efectivo<\/div>\n<\/div>\n<\/div>\n<\/div>\n<\/div>"},"_links":{"self":[{"href":"https:\/\/primefloridaland.com\/es\/wp-json\/wp\/v2\/product\/575408","targetHints":{"allow":["GET"]}}],"collection":[{"href":"https:\/\/primefloridaland.com\/es\/wp-json\/wp\/v2\/product"}],"about":[{"href":"https:\/\/primefloridaland.com\/es\/wp-json\/wp\/v2\/types\/product"}],"wp:featuredmedia":[{"embeddable":true,"href":"https:\/\/primefloridaland.com\/es\/wp-json\/wp\/v2\/media\/575406"}],"wp:attachment":[{"href":"https:\/\/primefloridaland.com\/es\/wp-json\/wp\/v2\/media?parent=575408"}],"wp:term":[{"taxonomy":"product_brand","embeddable":true,"href":"https:\/\/primefloridaland.com\/es\/wp-json\/wp\/v2\/product_brand?post=575408"},{"taxonomy":"product_cat","embeddable":true,"href":"https:\/\/primefloridaland.com\/es\/wp-json\/wp\/v2\/product_cat?post=575408"},{"taxonomy":"product_tag","embeddable":true,"href":"https:\/\/primefloridaland.com\/es\/wp-json\/wp\/v2\/product_tag?post=575408"}],"curies":[{"name":"wp","href":"https:\/\/api.w.org\/{rel}","templated":true}]}}